{"id":125,"date":"2019-05-18T21:25:55","date_gmt":"2019-05-18T19:25:55","guid":{"rendered":"http:\/\/urbanrecordstore.de\/?page_id=125"},"modified":"2024-09-04T22:07:15","modified_gmt":"2024-09-04T20:07:15","slug":"geschichte","status":"publish","type":"page","link":"https:\/\/urbanrecordstore.de\/?page_id=125","title":{"rendered":"Plattenladen"},"content":{"rendered":"\n<p>Der Urban Record Store in der Hilfdastra\u00dfe 5 ist seit September 2024 geschlossen.<\/p>\n\n\n\n<p>Ab sofort findet ihr eine feine Auswahl der Scheiben aus dem URS bei den Freunden von Flight 13 Records. <\/p>\n\n\n\n<p>-> Infos hier: <a href=\"https:\/\/www.flight13.com\/flight13\/laden\">Flight 13<\/a><\/p>\n\n\n\n<p class=\"has-medium-font-size\">Urband Record Store <\/p>\n\n\n\n<p>Wir verkaufen und kaufen gebrauchte und neue Schallplatten und freuen uns auf das pers\u00f6nliche Gespr\u00e4ch. <\/p>\n\n\n\n<p>Vinyl LiebhaberInnen k\u00f6nnen hier entschleunigt ganz in Ruhe Platten diggen, fachsimpeln und Platten anh\u00f6ren. Auf Anfrage besorgen wir dir deine gew\u00fcnschte Platte, egal ob gebraucht, oder Neu, falls vorhanden bzw. bestellbar. <\/p>\n\n\n\n<p>Hin und wieder treten unterschiedliche Musiker, Djs, Bands und K\u00fcnstler spontan und geplant im Laden auf. Bei Interesse selbst Teil zu werden einfach melden.<\/p>\n\n\n\n<p>Au\u00dferdem haben wir eine kleine aber feine Auswahl an Kunst der K\u00fcnstler Smy, Didi, Dubmajor &amp; Nickbee.<\/p>\n\n\n\n<div id=\"envira-gallery-wrap-152\" class=\"envira-gallery-wrap envira-gallery-theme-base envira-lightbox-theme-base\" itemscope itemtype=\"https:\/\/schema.org\/ImageGallery\"><div data-row-height=\"150\" data-gallery-theme=\"normal\" id=\"envira-gallery-152\" class=\"envira-gallery-public envira-gallery-justified-public envira-gallery-0-columns envira-clear enviratope envira-gallery-css-animations\" data-envira-columns=\"0\"><div id=\"envira-gallery-item-244\" class=\"envira-gallery-item enviratope-item envira-gallery-item-1 envira-lazy-load\" style=\"padding-left: 5px; padding-bottom: 10px; padding-right: 5px;\"  itemscope itemtype=\"https:\/\/schema.org\/ImageObject\"><div class=\"envira-gallery-item-inner\"><div class=\"envira-gallery-position-overlay  envira-gallery-top-left\"><\/div><div class=\"envira-gallery-position-overlay  envira-gallery-top-right\"><\/div><div class=\"envira-gallery-position-overlay  envira-gallery-bottom-left\"><\/div><div class=\"envira-gallery-position-overlay  envira-gallery-bottom-right\"><\/div><a href=\"https:\/\/i0.wp.com\/urbanrecordstore.de\/wp-content\/uploads\/2019\/05\/Enlight96.jpg\" class=\"envira-gallery-152 envira-gallery-link\" rel=\"enviragallery152\" title=\"Head of URS (pic by Albi.Rich)\" data-envira-caption=\"Head of URS (pic by Albi.Rich)\" data-envira-retina=\"\" data-thumbnail=\"\"  itemprop=\"contentUrl\"><img decoding=\"async\" id=\"envira-gallery-image-244\" class=\"envira-gallery-image envira-gallery-image-1 envira-normal envira-lazy\" data-envira-index=\"1\" src=\"https:\/\/i0.wp.com\/urbanrecordstore.de\/wp-content\/uploads\/2019\/05\/Enlight96.jpg?fit=525%2C351&#038;ssl=1\" data-envira-src=\"https:\/\/i0.wp.com\/urbanrecordstore.de\/wp-content\/uploads\/2019\/05\/Enlight96.jpg?fit=525%2C351&#038;ssl=1\" data-envira-gallery-id=\"152\" data-envira-item-id=\"244\" data-envira-caption=\"Head of URS (pic by Albi.Rich)\" alt=\"\" title=\"Head of URS (pic by Albi.Rich)\"  itemprop=\"thumbnailUrl\" data-envira-srcset=\"https:\/\/i0.wp.com\/urbanrecordstore.de\/wp-content\/uploads\/2019\/05\/Enlight96.jpg?fit=525%2C351&#038;ssl=1 400w,https:\/\/i0.wp.com\/urbanrecordstore.de\/wp-content\/uploads\/2019\/05\/Enlight96.jpg?fit=525%2C351&#038;ssl=1 2x\" data-envira-width=\"300\" data-envira-height=\"200\" srcset=\"data:image\/gif;base64,R0lGODlhAQABAIAAAP\/\/\/\/\/\/\/yH5BAEKAAEALAAAAAABAAEAAAICTAEAOw==\" data-safe-src=\"data:image\/gif;base64,R0lGODlhAQABAIAAAP\/\/\/\/\/\/\/yH5BAEKAAEALAAAAAABAAEAAAICTAEAOw==\" \/><\/a><\/div><\/div><div id=\"envira-gallery-item-242\" class=\"envira-gallery-item enviratope-item envira-gallery-item-2 envira-lazy-load\" style=\"padding-left: 5px; padding-bottom: 10px; padding-right: 5px;\"  itemscope itemtype=\"https:\/\/schema.org\/ImageObject\"><div class=\"envira-gallery-item-inner\"><div class=\"envira-gallery-position-overlay  envira-gallery-top-left\"><\/div><div class=\"envira-gallery-position-overlay  envira-gallery-top-right\"><\/div><div class=\"envira-gallery-position-overlay  envira-gallery-bottom-left\"><\/div><div class=\"envira-gallery-position-overlay  envira-gallery-bottom-right\"><\/div><a href=\"https:\/\/i0.wp.com\/urbanrecordstore.de\/wp-content\/uploads\/2019\/05\/Enlight90.jpg\" class=\"envira-gallery-152 envira-gallery-link\" rel=\"enviragallery152\" title=\"Nordwand\" data-envira-caption=\"Nordwand\" data-envira-retina=\"\" data-thumbnail=\"\"  itemprop=\"contentUrl\"><img decoding=\"async\" id=\"envira-gallery-image-242\" class=\"envira-gallery-image envira-gallery-image-2 envira-normal envira-lazy\" data-envira-index=\"2\" src=\"https:\/\/i0.wp.com\/urbanrecordstore.de\/wp-content\/uploads\/2019\/05\/Enlight90.jpg?fit=525%2C394&#038;ssl=1\" data-envira-src=\"https:\/\/i0.wp.com\/urbanrecordstore.de\/wp-content\/uploads\/2019\/05\/Enlight90.jpg?fit=525%2C394&#038;ssl=1\" data-envira-gallery-id=\"152\" data-envira-item-id=\"242\" data-envira-caption=\"Nordwand\" alt=\"\" title=\"Nordwand\"  itemprop=\"thumbnailUrl\" data-envira-srcset=\"https:\/\/i0.wp.com\/urbanrecordstore.de\/wp-content\/uploads\/2019\/05\/Enlight90.jpg?fit=525%2C394&#038;ssl=1 400w,https:\/\/i0.wp.com\/urbanrecordstore.de\/wp-content\/uploads\/2019\/05\/Enlight90.jpg?fit=525%2C394&#038;ssl=1 2x\" data-envira-width=\"300\" data-envira-height=\"225\" srcset=\"data:image\/gif;base64,R0lGODlhAQABAIAAAP\/\/\/\/\/\/\/yH5BAEKAAEALAAAAAABAAEAAAICTAEAOw==\" data-safe-src=\"data:image\/gif;base64,R0lGODlhAQABAIAAAP\/\/\/\/\/\/\/yH5BAEKAAEALAAAAAABAAEAAAICTAEAOw==\" \/><\/a><\/div><\/div><div id=\"envira-gallery-item-245\" class=\"envira-gallery-item enviratope-item envira-gallery-item-3 envira-lazy-load\" style=\"padding-left: 5px; padding-bottom: 10px; padding-right: 5px;\"  itemscope itemtype=\"https:\/\/schema.org\/ImageObject\"><div class=\"envira-gallery-item-inner\"><div class=\"envira-gallery-position-overlay  envira-gallery-top-left\"><\/div><div class=\"envira-gallery-position-overlay  envira-gallery-top-right\"><\/div><div class=\"envira-gallery-position-overlay  envira-gallery-bottom-left\"><\/div><div class=\"envira-gallery-position-overlay  envira-gallery-bottom-right\"><\/div><a href=\"https:\/\/i0.wp.com\/urbanrecordstore.de\/wp-content\/uploads\/2019\/05\/Enlight95.jpeg\" class=\"envira-gallery-152 envira-gallery-link\" rel=\"enviragallery152\" title=\"Anh&ouml;rstation\" data-envira-caption=\"Anh&ouml;rstation\" data-envira-retina=\"\" data-thumbnail=\"\"  itemprop=\"contentUrl\"><img decoding=\"async\" id=\"envira-gallery-image-245\" class=\"envira-gallery-image envira-gallery-image-3 envira-normal envira-lazy\" data-envira-index=\"3\" src=\"https:\/\/i0.wp.com\/urbanrecordstore.de\/wp-content\/uploads\/2019\/05\/Enlight95.jpeg?fit=525%2C700&#038;ssl=1\" data-envira-src=\"https:\/\/i0.wp.com\/urbanrecordstore.de\/wp-content\/uploads\/2019\/05\/Enlight95.jpeg?fit=525%2C700&#038;ssl=1\" data-envira-gallery-id=\"152\" data-envira-item-id=\"245\" data-envira-caption=\"Anh&ouml;rstation\" alt=\"\" title=\"Anh\u00f6rstation\"  itemprop=\"thumbnailUrl\" data-envira-srcset=\"https:\/\/i0.wp.com\/urbanrecordstore.de\/wp-content\/uploads\/2019\/05\/Enlight95.jpeg?fit=525%2C700&#038;ssl=1 400w,https:\/\/i0.wp.com\/urbanrecordstore.de\/wp-content\/uploads\/2019\/05\/Enlight95.jpeg?fit=525%2C700&#038;ssl=1 2x\" data-envira-width=\"225\" data-envira-height=\"300\" srcset=\"data:image\/gif;base64,R0lGODlhAQABAIAAAP\/\/\/\/\/\/\/yH5BAEKAAEALAAAAAABAAEAAAICTAEAOw==\" data-safe-src=\"data:image\/gif;base64,R0lGODlhAQABAIAAAP\/\/\/\/\/\/\/yH5BAEKAAEALAAAAAABAAEAAAICTAEAOw==\" \/><\/a><\/div><\/div><\/div><\/div><noscript><img decoding=\"async\" src=\"https:\/\/i0.wp.com\/urbanrecordstore.de\/wp-content\/uploads\/2019\/05\/Enlight96.jpg?fit=4240%2C2832&#038;ssl=1\" alt=\"\" \/><img decoding=\"async\" src=\"https:\/\/i0.wp.com\/urbanrecordstore.de\/wp-content\/uploads\/2019\/05\/Enlight90.jpg?fit=4032%2C3024&#038;ssl=1\" alt=\"\" \/><img decoding=\"async\" src=\"https:\/\/i0.wp.com\/urbanrecordstore.de\/wp-content\/uploads\/2019\/05\/Enlight95.jpeg?fit=600%2C800&#038;ssl=1\" alt=\"\" \/><\/noscript>\n\n\n\n<p>F\u00fcr mehr Infos \u00fcber den Urban Record Store und seine Geschichte empfehle ich dankend <a href=\"http:\/\/fudder.de\/in-der-hilda-5-eroeffnet-am-samstag-ein-plattenladen--161531638.html\" target=\"_blank\" rel=\"noreferrer noopener\" aria-label=\"Valentin Henekas Artikel bei Fudder (\u00f6ffnet in neuem Tab)\">Valentin Henekas Artikel bei Fudder<\/a>.<\/p>\n","protected":false},"excerpt":{"rendered":"<p>Der Urban Record Store in der Hilfdastra\u00dfe 5 ist seit September 2024 geschlossen. Ab sofort findet ihr eine feine Auswahl der Scheiben aus dem URS bei den Freunden von Flight 13 Records. -> Infos hier: Flight 13 Urband Record Store Wir verkaufen und kaufen gebrauchte und neue Schallplatten und freuen uns auf das pers\u00f6nliche Gespr\u00e4ch. &hellip; <\/p>\n<p class=\"link-more\"><a href=\"https:\/\/urbanrecordstore.de\/?page_id=125\" class=\"more-link\">Continue reading<span class=\"screen-reader-text\"> &#8222;Plattenladen&#8220;<\/span><\/a><\/p>\n","protected":false},"author":1,"featured_media":0,"parent":0,"menu_order":0,"comment_status":"closed","ping_status":"closed","template":"","meta":{"footnotes":""},"class_list":["post-125","page","type-page","status-publish","hentry"],"jetpack_sharing_enabled":true,"_links":{"self":[{"href":"https:\/\/urbanrecordstore.de\/index.php?rest_route=\/wp\/v2\/pages\/125","targetHints":{"allow":["GET"]}}],"collection":[{"href":"https:\/\/urbanrecordstore.de\/index.php?rest_route=\/wp\/v2\/pages"}],"about":[{"href":"https:\/\/urbanrecordstore.de\/index.php?rest_route=\/wp\/v2\/types\/page"}],"author":[{"embeddable":true,"href":"https:\/\/urbanrecordstore.de\/index.php?rest_route=\/wp\/v2\/users\/1"}],"replies":[{"embeddable":true,"href":"https:\/\/urbanrecordstore.de\/index.php?rest_route=%2Fwp%2Fv2%2Fcomments&post=125"}],"version-history":[{"count":22,"href":"https:\/\/urbanrecordstore.de\/index.php?rest_route=\/wp\/v2\/pages\/125\/revisions"}],"predecessor-version":[{"id":616,"href":"https:\/\/urbanrecordstore.de\/index.php?rest_route=\/wp\/v2\/pages\/125\/revisions\/616"}],"wp:attachment":[{"href":"https:\/\/urbanrecordstore.de\/index.php?rest_route=%2Fwp%2Fv2%2Fmedia&parent=125"}],"curies":[{"name":"wp","href":"https:\/\/api.w.org\/{rel}","templated":true}]}}