{"id":20,"date":"2019-05-16T22:30:09","date_gmt":"2019-05-16T20:30:09","guid":{"rendered":"http:\/\/urbanrecordstore.de\/?page_id=20"},"modified":"2024-09-04T22:06:38","modified_gmt":"2024-09-04T20:06:38","slug":"startseite","status":"publish","type":"page","link":"https:\/\/urbanrecordstore.de\/","title":{"rendered":"Hallo,"},"content":{"rendered":"\n<p><\/p>\n\n\n\n<p class=\"has-text-align-left\"><strong>und herzlich willkommen auf der Urban Record Store Website. <\/strong><\/p>\n\n\n\n<p class=\"has-text-align-left\"><br><strong>01\/09\/24<\/strong><\/p>\n\n\n\n<p class=\"has-text-align-left\"><strong>One door closes, another one opens;-)<\/strong><\/p>\n\n\n\n<p>Mein alter Freund und Mentor Tom und die <a href=\"https:\/\/www.flight13.com\/flight13\/laden\">Flight 13<\/a> Gang finden, da\u00df die Platten vom Urban Record Store nicht verstauben sollen \u2026\u00a0<\/p>\n\n\n\n<p><strong>Wie cool ist das denn?!<\/strong><\/p>\n\n\n\n<p><strong>Co-operation rules!&nbsp;<\/strong><\/p>\n\n\n\n<p><strong>Danke Flight 13<\/strong><\/p>\n\n\n\n<p>Deshalb findet Ihr ab sofort eine kleine feine Auswahl der Platten aus dem Urban Record Store&nbsp;im Flight 13 wieder.&nbsp;<\/p>\n\n\n\n<p>Hin und wieder wird man mich in Zukunft auch vor Ort treffen k\u00f6nnen.<\/p>\n\n\n\n<p><strong>27\/05\/24<\/strong><\/p>\n\n\n\n<figure class=\"wp-block-image size-full\"><img data-recalc-dims=\"1\" loading=\"lazy\" decoding=\"async\" width=\"525\" height=\"468\" src=\"https:\/\/i0.wp.com\/urbanrecordstore.de\/wp-content\/uploads\/2024\/05\/77826EC0-D13F-43C6-9ACE-E875701268A2_1_105_c.jpeg?resize=525%2C468&#038;ssl=1\" alt=\"\" class=\"wp-image-604\" srcset=\"https:\/\/i0.wp.com\/urbanrecordstore.de\/wp-content\/uploads\/2024\/05\/77826EC0-D13F-43C6-9ACE-E875701268A2_1_105_c.jpeg?w=830&amp;ssl=1 830w, https:\/\/i0.wp.com\/urbanrecordstore.de\/wp-content\/uploads\/2024\/05\/77826EC0-D13F-43C6-9ACE-E875701268A2_1_105_c.jpeg?resize=300%2C267&amp;ssl=1 300w, https:\/\/i0.wp.com\/urbanrecordstore.de\/wp-content\/uploads\/2024\/05\/77826EC0-D13F-43C6-9ACE-E875701268A2_1_105_c.jpeg?resize=768%2C685&amp;ssl=1 768w\" sizes=\"auto, (max-width: 767px) 89vw, (max-width: 1000px) 54vw, (max-width: 1071px) 543px, 580px\" \/><\/figure>\n\n\n\n<h2 class=\"wp-block-heading\"><strong>28\/12\/23<\/strong><\/h2>\n\n\n\n<p>Der Urban Record Store geht in die Winterpause und \u00f6ffnet wieder am 13. Januar 2024 seine Pforten. Euch allen einen guten Rutsch! Bis n\u00e4chstes Jahr.<\/p>\n\n\n\n<p class=\"has-medium-font-size\"><strong>26\/11\/23<\/strong><\/p>\n\n\n\n<p><strong>Unsere \u00d6ffnungszeiten im Dezember 2023.<\/strong><\/p>\n\n\n\n<p><strong>23.12.23<\/strong> <\/p>\n\n\n\n<p>musikalische Bescherung mit der Ursel featuring <\/p>\n\n\n\n<p>Dj Yamashita, Subtronic, Schneck, Daniel &amp; i selecta <\/p>\n\n\n\n<p>von DUB \u00fcber Breaks bis Rap &amp; Roll alles dabei &#8230; join the closing!<\/p>\n\n\n\n<figure class=\"wp-block-image size-full\"><img data-recalc-dims=\"1\" loading=\"lazy\" decoding=\"async\" width=\"492\" height=\"553\" src=\"https:\/\/i0.wp.com\/urbanrecordstore.de\/wp-content\/uploads\/2023\/11\/oezenurseldez23.jpg?resize=492%2C553&#038;ssl=1\" alt=\"\" class=\"wp-image-596\" srcset=\"https:\/\/i0.wp.com\/urbanrecordstore.de\/wp-content\/uploads\/2023\/11\/oezenurseldez23.jpg?w=492&amp;ssl=1 492w, https:\/\/i0.wp.com\/urbanrecordstore.de\/wp-content\/uploads\/2023\/11\/oezenurseldez23.jpg?resize=267%2C300&amp;ssl=1 267w\" sizes=\"auto, (max-width: 492px) 100vw, 492px\" \/><\/figure>\n\n\n\n<p class=\"has-medium-font-size\"><strong>30\/07\/23<\/strong><\/p>\n\n\n\n<figure class=\"wp-block-image size-large\"><img data-recalc-dims=\"1\" loading=\"lazy\" decoding=\"async\" width=\"525\" height=\"465\" src=\"https:\/\/i0.wp.com\/urbanrecordstore.de\/wp-content\/uploads\/2023\/07\/84C7DDE1-C386-4232-BEAB-527787BF8DB8.jpeg?resize=525%2C465&#038;ssl=1\" alt=\"\" class=\"wp-image-592\" srcset=\"https:\/\/i0.wp.com\/urbanrecordstore.de\/wp-content\/uploads\/2023\/07\/84C7DDE1-C386-4232-BEAB-527787BF8DB8.jpeg?resize=1024%2C906&amp;ssl=1 1024w, https:\/\/i0.wp.com\/urbanrecordstore.de\/wp-content\/uploads\/2023\/07\/84C7DDE1-C386-4232-BEAB-527787BF8DB8.jpeg?resize=300%2C265&amp;ssl=1 300w, https:\/\/i0.wp.com\/urbanrecordstore.de\/wp-content\/uploads\/2023\/07\/84C7DDE1-C386-4232-BEAB-527787BF8DB8.jpeg?resize=768%2C680&amp;ssl=1 768w, https:\/\/i0.wp.com\/urbanrecordstore.de\/wp-content\/uploads\/2023\/07\/84C7DDE1-C386-4232-BEAB-527787BF8DB8.jpeg?w=1529&amp;ssl=1 1529w\" sizes=\"auto, (max-width: 767px) 89vw, (max-width: 1000px) 54vw, (max-width: 1071px) 543px, 580px\" \/><figcaption class=\"wp-element-caption\">Der Urban Record Store ist vom 1.. &#8211; 27. August geschlossen.<\/figcaption><\/figure>\n\n\n\n<p><\/p>\n\n\n\n<p class=\"has-medium-font-size\"><strong>19\/03\/23<\/strong><\/p>\n\n\n\n<p class=\"has-text-align-center\"><strong>Save the Date: <\/strong><\/p>\n\n\n\n<p class=\"has-text-align-center\">Samstag, den 22. April 2023 Record Store Day <\/p>\n\n\n\n<p class=\"has-text-align-center\">14-18:30h!<\/p>\n\n\n\n<p class=\"has-text-align-center\">Jetzt kostenfrei via<a href=\"https:\/\/calendly.com\/hilda5\/double-trouble-workshop\" data-type=\"URL\" data-id=\"https:\/\/calendly.com\/hilda5\/double-trouble-workshop\" target=\"_blank\" rel=\"noreferrer noopener\"> Calendly<\/a> anmelden zum:<\/p>\n\n\n\n<p class=\"has-text-align-center has-medium-font-size\"><strong>Double Trouble Scratch Workshop <\/strong><\/p>\n\n\n\n<p class=\"has-text-align-center\">mit Tamskee &amp; TekxBe von 14-16h <\/p>\n\n\n\n<p><\/p>\n\n\n<div class=\"wp-block-image\">\n<figure class=\"aligncenter size-full\"><img data-recalc-dims=\"1\" loading=\"lazy\" decoding=\"async\" width=\"367\" height=\"496\" src=\"https:\/\/i0.wp.com\/urbanrecordstore.de\/wp-content\/uploads\/2023\/03\/562375E4-8938-4503-AED3-815C64EE8E9A.jpeg?resize=367%2C496&#038;ssl=1\" alt=\"\" class=\"wp-image-576\" srcset=\"https:\/\/i0.wp.com\/urbanrecordstore.de\/wp-content\/uploads\/2023\/03\/562375E4-8938-4503-AED3-815C64EE8E9A.jpeg?w=367&amp;ssl=1 367w, https:\/\/i0.wp.com\/urbanrecordstore.de\/wp-content\/uploads\/2023\/03\/562375E4-8938-4503-AED3-815C64EE8E9A.jpeg?resize=222%2C300&amp;ssl=1 222w\" sizes=\"auto, (max-width: 367px) 100vw, 367px\" \/><\/figure>\n<\/div>\n\n\n<p class=\"has-medium-font-size\"><strong>20\/12\/22<\/strong><\/p>\n\n\n\n<p class=\"has-text-align-center\">\u00d6ffnungszeiten um die Feiertage:<\/p>\n\n\n\n<p class=\"has-text-align-center\">Mittwoch, 21.12. 17-19h<\/p>\n\n\n\n<p class=\"has-text-align-center\">Freitag, 23.12. 13-19h<\/p>\n\n\n\n<p class=\"has-text-align-center\"><strong>24.12. geschlossen<\/strong><\/p>\n\n\n\n<p class=\"has-text-align-center\">Dienstag, 27.12. 13-18h<\/p>\n\n\n\n<p class=\"has-text-align-center\">Mittwoch, 28.12. 13-18h<\/p>\n\n\n\n<p class=\"has-text-align-center\">Donnerstag, 29.12. 13-18h<\/p>\n\n\n\n<p class=\"has-text-align-center\">Freitag, 30.12. 13-18h<\/p>\n\n\n\n<p class=\"has-text-align-center\"><strong>31.12. geschlossen<\/strong><\/p>\n\n\n\n<p><\/p>\n\n\n\n<p class=\"has-medium-font-size\"><strong>29\/09\/22<\/strong><\/p>\n\n\n\n<p class=\"has-vivid-red-color has-text-color\"><\/p>\n\n\n\n<p>Leider m\u00fcssen wir die dubandbreakz&amp;rap\u00b4n\u00b4roll ll-Sause am Sonntag kurzfristig, krankheitsbedingt absagen. Sorry Folks:-(<\/p>\n\n\n<div class=\"wp-block-image\">\n<figure class=\"aligncenter size-full is-resized\"><img data-recalc-dims=\"1\" loading=\"lazy\" decoding=\"async\" width=\"525\" height=\"526\" src=\"https:\/\/i0.wp.com\/urbanrecordstore.de\/wp-content\/uploads\/2022\/09\/InstapostTao.jpg?resize=525%2C526&#038;ssl=1\" alt=\"\" class=\"wp-image-558\" style=\"width:447px;height:447px\" srcset=\"https:\/\/i0.wp.com\/urbanrecordstore.de\/wp-content\/uploads\/2022\/09\/InstapostTao.jpg?w=983&amp;ssl=1 983w, https:\/\/i0.wp.com\/urbanrecordstore.de\/wp-content\/uploads\/2022\/09\/InstapostTao.jpg?resize=300%2C300&amp;ssl=1 300w, https:\/\/i0.wp.com\/urbanrecordstore.de\/wp-content\/uploads\/2022\/09\/InstapostTao.jpg?resize=150%2C150&amp;ssl=1 150w, https:\/\/i0.wp.com\/urbanrecordstore.de\/wp-content\/uploads\/2022\/09\/InstapostTao.jpg?resize=768%2C769&amp;ssl=1 768w, https:\/\/i0.wp.com\/urbanrecordstore.de\/wp-content\/uploads\/2022\/09\/InstapostTao.jpg?resize=100%2C100&amp;ssl=1 100w\" sizes=\"auto, (max-width: 767px) 89vw, (max-width: 1000px) 54vw, (max-width: 1071px) 543px, 580px\" \/><figcaption class=\"wp-element-caption\">Abgesagt!<\/figcaption><\/figure>\n<\/div>\n\n\n<p><\/p>\n\n\n\n<p class=\"has-medium-font-size\"><strong>18\/09\/22<\/strong><\/p>\n\n\n\n<p class=\"has-text-align-left\">Da die 1. Sause im R\u00e4ng zum 15. Jubil\u00e4um so dufte war und das Feedback einfach sensationell, haben Burnie &amp; Turnie beschlossen regelm\u00e4\u00dfig was zu machen.<\/p>\n\n\n\n<p class=\"has-text-align-left\"> Somit geht die dubanbreakz&amp;rap\u00b4n\u00b4roll in die 2. Runde und wir haben mal wieder einen kniffligen Termin gew\u00e4hlt, Sonntag! Also Afterhour dann mit Rap, Drum and Bass and the Lunatics Host&#8230;bumtschakbumtschak;-)<\/p>\n\n\n\n<p>Sonntag, den 2. Oktober im <a href=\"http:\/\/www.raengtengteng.com\" target=\"_blank\" rel=\"noreferrer noopener\">The Great R\u00e4ng Teng Teng<\/a>, Gr\u00fcnw\u00e4lderstra\u00dfe 6 7908 Freiburg im Breisgau ab 23h.<\/p>\n\n\n\n<p class=\"has-text-align-center\"><strong>Timetabel:<\/strong><\/p>\n\n\n\n<p class=\"has-text-align-center\">23h: <strong>Burnie &amp; Turnie<\/strong> \/ URS Residents &#8211; dub-ska-rocksteady<\/p>\n\n\n<div class=\"wp-block-image\">\n<figure class=\"aligncenter size-full is-resized\"><img data-recalc-dims=\"1\" loading=\"lazy\" decoding=\"async\" width=\"502\" height=\"488\" src=\"https:\/\/i0.wp.com\/urbanrecordstore.de\/wp-content\/uploads\/2022\/09\/Bild-18.09.22-um-18.46.jpeg?resize=502%2C488&#038;ssl=1\" alt=\"\" class=\"wp-image-548\" style=\"width:216px;height:210px\" srcset=\"https:\/\/i0.wp.com\/urbanrecordstore.de\/wp-content\/uploads\/2022\/09\/Bild-18.09.22-um-18.46.jpeg?w=502&amp;ssl=1 502w, https:\/\/i0.wp.com\/urbanrecordstore.de\/wp-content\/uploads\/2022\/09\/Bild-18.09.22-um-18.46.jpeg?resize=300%2C292&amp;ssl=1 300w\" sizes=\"auto, (max-width: 502px) 100vw, 502px\" \/><\/figure>\n<\/div>\n\n\n<p class=\"has-text-align-center\">24h:<strong><a rel=\"noreferrer noopener\" href=\"http:\/\/www.tekxbe.com\" target=\"_blank\"> Dj TEKXBE<\/a><\/strong> \/ CWA Crew &#8211; rap<\/p>\n\n\n<div class=\"wp-block-image\">\n<figure class=\"aligncenter size-full is-resized\"><img data-recalc-dims=\"1\" loading=\"lazy\" decoding=\"async\" width=\"525\" height=\"527\" src=\"https:\/\/i0.wp.com\/urbanrecordstore.de\/wp-content\/uploads\/2022\/09\/Bild-02.09.22-um-16.17.jpeg?resize=525%2C527&#038;ssl=1\" alt=\"\" class=\"wp-image-549\" style=\"width:218px;height:218px\" srcset=\"https:\/\/i0.wp.com\/urbanrecordstore.de\/wp-content\/uploads\/2022\/09\/Bild-02.09.22-um-16.17.jpeg?w=679&amp;ssl=1 679w, https:\/\/i0.wp.com\/urbanrecordstore.de\/wp-content\/uploads\/2022\/09\/Bild-02.09.22-um-16.17.jpeg?resize=300%2C300&amp;ssl=1 300w, https:\/\/i0.wp.com\/urbanrecordstore.de\/wp-content\/uploads\/2022\/09\/Bild-02.09.22-um-16.17.jpeg?resize=150%2C150&amp;ssl=1 150w, https:\/\/i0.wp.com\/urbanrecordstore.de\/wp-content\/uploads\/2022\/09\/Bild-02.09.22-um-16.17.jpeg?resize=100%2C100&amp;ssl=1 100w\" sizes=\"auto, (max-width: 525px) 100vw, 525px\" \/><\/figure>\n<\/div>\n\n\n<p class=\"has-text-align-center\">01h: <strong>Dj TAO<\/strong> \/ JUNGLE CLUB classics &#8211; drum &amp;bass<\/p>\n\n\n<div class=\"wp-block-image\">\n<figure class=\"aligncenter size-large is-resized\"><img data-recalc-dims=\"1\" loading=\"lazy\" decoding=\"async\" width=\"525\" height=\"528\" src=\"https:\/\/i0.wp.com\/urbanrecordstore.de\/wp-content\/uploads\/2022\/09\/FFCBE52B-71F5-4805-BACB-48110BEF59C4.jpeg?resize=525%2C528&#038;ssl=1\" alt=\"\" class=\"wp-image-552\" style=\"width:214px;height:214px\" srcset=\"https:\/\/i0.wp.com\/urbanrecordstore.de\/wp-content\/uploads\/2022\/09\/FFCBE52B-71F5-4805-BACB-48110BEF59C4.jpeg?resize=1018%2C1024&amp;ssl=1 1018w, https:\/\/i0.wp.com\/urbanrecordstore.de\/wp-content\/uploads\/2022\/09\/FFCBE52B-71F5-4805-BACB-48110BEF59C4.jpeg?resize=298%2C300&amp;ssl=1 298w, https:\/\/i0.wp.com\/urbanrecordstore.de\/wp-content\/uploads\/2022\/09\/FFCBE52B-71F5-4805-BACB-48110BEF59C4.jpeg?resize=150%2C150&amp;ssl=1 150w, https:\/\/i0.wp.com\/urbanrecordstore.de\/wp-content\/uploads\/2022\/09\/FFCBE52B-71F5-4805-BACB-48110BEF59C4.jpeg?resize=768%2C773&amp;ssl=1 768w, https:\/\/i0.wp.com\/urbanrecordstore.de\/wp-content\/uploads\/2022\/09\/FFCBE52B-71F5-4805-BACB-48110BEF59C4.jpeg?resize=100%2C100&amp;ssl=1 100w, https:\/\/i0.wp.com\/urbanrecordstore.de\/wp-content\/uploads\/2022\/09\/FFCBE52B-71F5-4805-BACB-48110BEF59C4.jpeg?w=1431&amp;ssl=1 1431w\" sizes=\"auto, (max-width: 767px) 89vw, (max-width: 1000px) 54vw, (max-width: 1071px) 543px, 580px\" \/><\/figure>\n<\/div>\n\n\n<p class=\"has-text-align-center\">02h: BACK2BACK;-) &#8211; who knows?<\/p>\n\n\n\n<p><\/p>\n\n\n\n<figure class=\"wp-block-image size-large\"><img data-recalc-dims=\"1\" loading=\"lazy\" decoding=\"async\" width=\"525\" height=\"374\" src=\"https:\/\/i0.wp.com\/urbanrecordstore.de\/wp-content\/uploads\/2022\/08\/TaoFlyerquer.jpg?resize=525%2C374&#038;ssl=1\" alt=\"\" class=\"wp-image-532\" srcset=\"https:\/\/i0.wp.com\/urbanrecordstore.de\/wp-content\/uploads\/2022\/08\/TaoFlyerquer-scaled.jpg?resize=1024%2C730&amp;ssl=1 1024w, https:\/\/i0.wp.com\/urbanrecordstore.de\/wp-content\/uploads\/2022\/08\/TaoFlyerquer-scaled.jpg?resize=300%2C214&amp;ssl=1 300w, https:\/\/i0.wp.com\/urbanrecordstore.de\/wp-content\/uploads\/2022\/08\/TaoFlyerquer-scaled.jpg?resize=768%2C548&amp;ssl=1 768w, https:\/\/i0.wp.com\/urbanrecordstore.de\/wp-content\/uploads\/2022\/08\/TaoFlyerquer-scaled.jpg?resize=1536%2C1096&amp;ssl=1 1536w, https:\/\/i0.wp.com\/urbanrecordstore.de\/wp-content\/uploads\/2022\/08\/TaoFlyerquer-scaled.jpg?resize=2048%2C1461&amp;ssl=1 2048w\" sizes=\"auto, (max-width: 767px) 89vw, (max-width: 1000px) 54vw, (max-width: 1071px) 543px, 580px\" \/><figcaption class=\"wp-element-caption\">dubandbreakz&amp;rap\u00b4n\u00b4roll vol. ll<\/figcaption><\/figure>\n\n\n\n<h2 class=\"wp-block-heading has-medium-font-size\"><br><strong>10\/06\/22<\/strong><\/h2>\n\n\n\n<figure class=\"wp-block-image size-large\"><img data-recalc-dims=\"1\" loading=\"lazy\" decoding=\"async\" width=\"525\" height=\"700\" src=\"https:\/\/i0.wp.com\/urbanrecordstore.de\/wp-content\/uploads\/2022\/07\/C2991F3A-B47B-4C80-B6D9-AFAA380B6341.jpeg?resize=525%2C700&#038;ssl=1\" alt=\"\" class=\"wp-image-526\" srcset=\"https:\/\/i0.wp.com\/urbanrecordstore.de\/wp-content\/uploads\/2022\/07\/C2991F3A-B47B-4C80-B6D9-AFAA380B6341.jpeg?resize=768%2C1024&amp;ssl=1 768w, https:\/\/i0.wp.com\/urbanrecordstore.de\/wp-content\/uploads\/2022\/07\/C2991F3A-B47B-4C80-B6D9-AFAA380B6341.jpeg?resize=225%2C300&amp;ssl=1 225w, https:\/\/i0.wp.com\/urbanrecordstore.de\/wp-content\/uploads\/2022\/07\/C2991F3A-B47B-4C80-B6D9-AFAA380B6341.jpeg?resize=1152%2C1536&amp;ssl=1 1152w, https:\/\/i0.wp.com\/urbanrecordstore.de\/wp-content\/uploads\/2022\/07\/C2991F3A-B47B-4C80-B6D9-AFAA380B6341.jpeg?w=1537&amp;ssl=1 1537w, https:\/\/i0.wp.com\/urbanrecordstore.de\/wp-content\/uploads\/2022\/07\/C2991F3A-B47B-4C80-B6D9-AFAA380B6341.jpeg?w=1050&amp;ssl=1 1050w\" sizes=\"auto, (max-width: 767px) 89vw, (max-width: 1000px) 54vw, (max-width: 1071px) 543px, 580px\" \/><\/figure>\n\n\n\n<p>Am Samstag, <strong>1<\/strong>6. Juli ist der Urban Record Store <strong>geschlo\u00dfen<\/strong>. <\/p>\n\n\n\n<p><strong><span style=\"text-decoration: underline;\">Hier ein paar Termine zum Vormerken:<\/span><\/strong><\/p>\n\n\n\n<p><strong>9. Juli <\/strong>URS Vinylmobil bei der DOUBLE TROUBLE Jam in Offenburg -&gt; <a href=\"https:\/\/www.double-trouble.eu\">Info hier lang<\/a><\/p>\n\n\n\n<p><strong>23. Juli<\/strong> URS Vinylmobil Crash In Freiburg bei der&#8220; Grafitti Jam&#8220;.<\/p>\n\n\n\n<p>Am Samstag, den 18. Juni ist der 2. Drop des Record Store Day und der Laden bereits ab 15h ge\u00f6ffnet. Ab 16h mit local Djs und ab 19:30h dann unser Special Event&#8230;<\/p>\n\n\n\n<p class=\"has-text-align-center has-black-color has-text-color\"><strong>Save the Date:<\/strong><\/p>\n\n\n<div class=\"wp-block-image\">\n<figure class=\"aligncenter size-large is-resized\"><a href=\"https:\/\/calendly.com\/hilda5\/dj-set-mr-confuse?month=2022-06\"><img data-recalc-dims=\"1\" loading=\"lazy\" decoding=\"async\" width=\"525\" height=\"743\" src=\"https:\/\/i0.wp.com\/urbanrecordstore.de\/wp-content\/uploads\/2022\/06\/Unbenannt-1.jpg?resize=525%2C743&#038;ssl=1\" alt=\"\" class=\"wp-image-510\" style=\"width:513px;height:726px\" srcset=\"https:\/\/i0.wp.com\/urbanrecordstore.de\/wp-content\/uploads\/2022\/06\/Unbenannt-1-scaled.jpg?resize=724%2C1024&amp;ssl=1 724w, https:\/\/i0.wp.com\/urbanrecordstore.de\/wp-content\/uploads\/2022\/06\/Unbenannt-1-scaled.jpg?resize=212%2C300&amp;ssl=1 212w, https:\/\/i0.wp.com\/urbanrecordstore.de\/wp-content\/uploads\/2022\/06\/Unbenannt-1-scaled.jpg?resize=768%2C1086&amp;ssl=1 768w, https:\/\/i0.wp.com\/urbanrecordstore.de\/wp-content\/uploads\/2022\/06\/Unbenannt-1-scaled.jpg?resize=1086%2C1536&amp;ssl=1 1086w, https:\/\/i0.wp.com\/urbanrecordstore.de\/wp-content\/uploads\/2022\/06\/Unbenannt-1-scaled.jpg?resize=1448%2C2048&amp;ssl=1 1448w, https:\/\/i0.wp.com\/urbanrecordstore.de\/wp-content\/uploads\/2022\/06\/Unbenannt-1-scaled.jpg?w=1810&amp;ssl=1 1810w, https:\/\/i0.wp.com\/urbanrecordstore.de\/wp-content\/uploads\/2022\/06\/Unbenannt-1-scaled.jpg?w=1575&amp;ssl=1 1575w\" sizes=\"auto, (max-width: 525px) 100vw, 525px\" \/><\/a><\/figure>\n<\/div>\n\n\n<p class=\"has-medium-font-size\"><strong>08\/04\/22<\/strong><\/p>\n\n\n<div class=\"wp-block-image\">\n<figure class=\"aligncenter size-large is-resized\"><img data-recalc-dims=\"1\" loading=\"lazy\" decoding=\"async\" width=\"525\" height=\"743\" src=\"https:\/\/i0.wp.com\/urbanrecordstore.de\/wp-content\/uploads\/2022\/05\/AE6BA721-9CCB-40F7-8DA4-BD847142BDFD.jpeg?resize=525%2C743&#038;ssl=1\" alt=\"\" class=\"wp-image-497\" style=\"width:457px;height:646px\" srcset=\"https:\/\/i0.wp.com\/urbanrecordstore.de\/wp-content\/uploads\/2022\/05\/AE6BA721-9CCB-40F7-8DA4-BD847142BDFD.jpeg?resize=724%2C1024&amp;ssl=1 724w, https:\/\/i0.wp.com\/urbanrecordstore.de\/wp-content\/uploads\/2022\/05\/AE6BA721-9CCB-40F7-8DA4-BD847142BDFD.jpeg?resize=212%2C300&amp;ssl=1 212w, https:\/\/i0.wp.com\/urbanrecordstore.de\/wp-content\/uploads\/2022\/05\/AE6BA721-9CCB-40F7-8DA4-BD847142BDFD.jpeg?resize=768%2C1086&amp;ssl=1 768w, https:\/\/i0.wp.com\/urbanrecordstore.de\/wp-content\/uploads\/2022\/05\/AE6BA721-9CCB-40F7-8DA4-BD847142BDFD.jpeg?resize=1086%2C1536&amp;ssl=1 1086w, https:\/\/i0.wp.com\/urbanrecordstore.de\/wp-content\/uploads\/2022\/05\/AE6BA721-9CCB-40F7-8DA4-BD847142BDFD.jpeg?w=1448&amp;ssl=1 1448w\" sizes=\"auto, (max-width: 525px) 100vw, 525px\" \/><\/figure>\n<\/div>\n\n<div class=\"wp-block-image\">\n<figure class=\"aligncenter size-large is-resized\"><img data-recalc-dims=\"1\" loading=\"lazy\" decoding=\"async\" width=\"525\" height=\"736\" src=\"https:\/\/i0.wp.com\/urbanrecordstore.de\/wp-content\/uploads\/2022\/05\/Urselwird15HIntergrund.jpg?resize=525%2C736&#038;ssl=1\" alt=\"\" class=\"wp-image-499\" style=\"width:571px;height:801px\" srcset=\"https:\/\/i0.wp.com\/urbanrecordstore.de\/wp-content\/uploads\/2022\/05\/Urselwird15HIntergrund-scaled.jpg?resize=730%2C1024&amp;ssl=1 730w, https:\/\/i0.wp.com\/urbanrecordstore.de\/wp-content\/uploads\/2022\/05\/Urselwird15HIntergrund-scaled.jpg?resize=214%2C300&amp;ssl=1 214w, https:\/\/i0.wp.com\/urbanrecordstore.de\/wp-content\/uploads\/2022\/05\/Urselwird15HIntergrund-scaled.jpg?resize=768%2C1077&amp;ssl=1 768w, https:\/\/i0.wp.com\/urbanrecordstore.de\/wp-content\/uploads\/2022\/05\/Urselwird15HIntergrund-scaled.jpg?resize=1096%2C1536&amp;ssl=1 1096w, https:\/\/i0.wp.com\/urbanrecordstore.de\/wp-content\/uploads\/2022\/05\/Urselwird15HIntergrund-scaled.jpg?resize=1461%2C2048&amp;ssl=1 1461w, https:\/\/i0.wp.com\/urbanrecordstore.de\/wp-content\/uploads\/2022\/05\/Urselwird15HIntergrund-scaled.jpg?w=1826&amp;ssl=1 1826w, https:\/\/i0.wp.com\/urbanrecordstore.de\/wp-content\/uploads\/2022\/05\/Urselwird15HIntergrund-scaled.jpg?w=1575&amp;ssl=1 1575w\" sizes=\"auto, (max-width: 525px) 100vw, 525px\" \/><figcaption class=\"wp-element-caption\">3 hours 45s only set!<\/figcaption><\/figure>\n<\/div>\n\n\n<p>cause u know:<\/p>\n\n\n\n<figure class=\"wp-block-image size-full\"><img data-recalc-dims=\"1\" loading=\"lazy\" decoding=\"async\" width=\"525\" height=\"426\" src=\"https:\/\/i0.wp.com\/urbanrecordstore.de\/wp-content\/uploads\/2022\/05\/Enlight88.jpeg?resize=525%2C426&#038;ssl=1\" alt=\"\" class=\"wp-image-493\" srcset=\"https:\/\/i0.wp.com\/urbanrecordstore.de\/wp-content\/uploads\/2022\/05\/Enlight88.jpeg?w=1000&amp;ssl=1 1000w, https:\/\/i0.wp.com\/urbanrecordstore.de\/wp-content\/uploads\/2022\/05\/Enlight88.jpeg?resize=300%2C243&amp;ssl=1 300w, https:\/\/i0.wp.com\/urbanrecordstore.de\/wp-content\/uploads\/2022\/05\/Enlight88.jpeg?resize=768%2C623&amp;ssl=1 768w\" sizes=\"auto, (max-width: 767px) 89vw, (max-width: 1000px) 54vw, (max-width: 1071px) 543px, 580px\" \/><figcaption class=\"wp-element-caption\">andonandonandon&#8230;<\/figcaption><\/figure>\n\n\n\n<p><\/p>\n\n\n\n<p><\/p>\n","protected":false},"excerpt":{"rendered":"<p>und herzlich willkommen auf der Urban Record Store Website. 01\/09\/24 One door closes, another one opens;-) Mein alter Freund und Mentor Tom und die Flight 13 Gang finden, da\u00df die Platten vom Urban Record Store nicht verstauben sollen \u2026\u00a0 Wie cool ist das denn?! Co-operation rules!&nbsp; Danke Flight 13 Deshalb findet Ihr ab sofort eine &hellip; <\/p>\n<p class=\"link-more\"><a href=\"https:\/\/urbanrecordstore.de\/\" class=\"more-link\">Continue reading<span class=\"screen-reader-text\"> &#8222;Hallo,&#8220;<\/span><\/a><\/p>\n","protected":false},"author":1,"featured_media":243,"parent":0,"menu_order":0,"comment_status":"closed","ping_status":"closed","template":"","meta":{"footnotes":""},"class_list":["post-20","page","type-page","status-publish","has-post-thumbnail","hentry"],"jetpack_sharing_enabled":true,"_links":{"self":[{"href":"https:\/\/urbanrecordstore.de\/index.php?rest_route=\/wp\/v2\/pages\/20","targetHints":{"allow":["GET"]}}],"collection":[{"href":"https:\/\/urbanrecordstore.de\/index.php?rest_route=\/wp\/v2\/pages"}],"about":[{"href":"https:\/\/urbanrecordstore.de\/index.php?rest_route=\/wp\/v2\/types\/page"}],"author":[{"embeddable":true,"href":"https:\/\/urbanrecordstore.de\/index.php?rest_route=\/wp\/v2\/users\/1"}],"replies":[{"embeddable":true,"href":"https:\/\/urbanrecordstore.de\/index.php?rest_route=%2Fwp%2Fv2%2Fcomments&post=20"}],"version-history":[{"count":133,"href":"https:\/\/urbanrecordstore.de\/index.php?rest_route=\/wp\/v2\/pages\/20\/revisions"}],"predecessor-version":[{"id":615,"href":"https:\/\/urbanrecordstore.de\/index.php?rest_route=\/wp\/v2\/pages\/20\/revisions\/615"}],"wp:featuredmedia":[{"embeddable":true,"href":"https:\/\/urbanrecordstore.de\/index.php?rest_route=\/wp\/v2\/media\/243"}],"wp:attachment":[{"href":"https:\/\/urbanrecordstore.de\/index.php?rest_route=%2Fwp%2Fv2%2Fmedia&parent=20"}],"curies":[{"name":"wp","href":"https:\/\/api.w.org\/{rel}","templated":true}]}}