{"id":28,"date":"2019-05-16T22:34:18","date_gmt":"2019-05-16T20:34:18","guid":{"rendered":"http:\/\/urbanrecordstore.de\/?page_id=28"},"modified":"2019-05-20T22:11:22","modified_gmt":"2019-05-20T20:11:22","slug":"music","status":"publish","type":"page","link":"https:\/\/urbanrecordstore.de\/?page_id=28","title":{"rendered":"Was ich h\u00f6re"},"content":{"rendered":"\n<p>Der Urban Record Store  bietet ein ausgewogenes Angebot an gebrauchten und neuen Scheiben in den Bereichen Rock, Pop, Indie, Alternativ &amp; Folk Music und eine sehr gro\u00dfe Auswahl an elektronischer Musik zum H\u00f6ren (LPs) und Auflegen (12&#8243;s) vor allen Dingen in den Bereichen HipHop, Triphop, Bigbeat, Mashups, Breaks, Breakbeat, Bass Music, Dub, Reggae, Drum and Bass, Jungle, House &amp; Techno. <\/p>\n\n\n\n<p>Einen kleinen, h\u00f6rbaren, musikalischen \u00dcberblick wohin die Reise gehen kann k\u00f6nnt ihr hier in Erfahrung bringen:<\/p>\n\n\n\n<figure class=\"wp-block-embed-mixcloud wp-block-embed is-type-rich is-provider-mixcloud wp-embed-aspect-21-9 wp-has-aspect-ratio\"><div class=\"wp-block-embed__wrapper\">\n<iframe loading=\"lazy\" title=\"B-Line - From Dub To Breakz\" width=\"100%\" height=\"120\" src=\"https:\/\/www.mixcloud.com\/widget\/iframe\/?feed=https%3A%2F%2Fwww.mixcloud.com%2Fchristophkeim7%2Fb-line-from-dub-to-breakz%2F&amp;hide_cover=1\" frameborder=\"0\"><\/iframe>\n<\/div><figcaption><strong>analog dub grooves aus u.a.  berlin enden in rockin breaks von der insel<\/strong><\/figcaption><\/figure>\n\n\n\n<figure class=\"wp-block-embed-mixcloud wp-block-embed is-type-rich is-provider-mixcloud wp-embed-aspect-21-9 wp-has-aspect-ratio\"><div class=\"wp-block-embed__wrapper\">\n<iframe loading=\"lazy\" title=\"B-Line - Bionic Beat Club Radioshow November 2006\" width=\"100%\" height=\"120\" src=\"https:\/\/www.mixcloud.com\/widget\/iframe\/?feed=https%3A%2F%2Fwww.mixcloud.com%2Fchristophkeim7%2Fb-line-bionic-beat-club-radioshow-november-2006%2F&amp;hide_cover=1\" frameborder=\"0\"><\/iframe>\n<\/div><figcaption><strong>beste bionic beat club radioshow ever! was f\u00fcr eine auswahl der tunes<\/strong><\/figcaption><\/figure>\n\n\n\n<figure class=\"wp-block-embed-mixcloud wp-block-embed is-type-rich is-provider-mixcloud wp-embed-aspect-21-9 wp-has-aspect-ratio\"><div class=\"wp-block-embed__wrapper\">\n<iframe loading=\"lazy\" title=\"Bmd Soundsystem\" width=\"100%\" height=\"120\" src=\"https:\/\/www.mixcloud.com\/widget\/iframe\/?feed=https%3A%2F%2Fwww.mixcloud.com%2Fchristophkeim7%2Fbmd-soundsystem%2F&amp;hide_cover=1\" frameborder=\"0\"><\/iframe>\n<\/div><figcaption><strong>dieser bmd showcase mix besteht gr\u00f6\u00dftenteils aus eigenen edits und ist meiner gr\u00f6\u00dften muse <a href=\"http:\/\/dubmoll.de\" target=\"_blank\" rel=\"noreferrer noopener\" aria-label=\"mike schneider (\u00f6ffnet in neuem Tab)\">mike schneider<\/a> zu verdanken;-)<br><\/strong><\/figcaption><\/figure>\n\n\n\n<p><\/p>\n","protected":false},"excerpt":{"rendered":"<p>Der Urban Record Store bietet ein ausgewogenes Angebot an gebrauchten und neuen Scheiben in den Bereichen Rock, Pop, Indie, Alternativ &amp; Folk Music und eine sehr gro\u00dfe Auswahl an elektronischer Musik zum H\u00f6ren (LPs) und Auflegen (12&#8243;s) vor allen Dingen in den Bereichen HipHop, Triphop, Bigbeat, Mashups, Breaks, Breakbeat, Bass Music, Dub, Reggae, Drum and &hellip; <\/p>\n<p class=\"link-more\"><a href=\"https:\/\/urbanrecordstore.de\/?page_id=28\" class=\"more-link\">Continue reading<span class=\"screen-reader-text\"> &#8222;Was ich h\u00f6re&#8220;<\/span><\/a><\/p>\n","protected":false},"author":1,"featured_media":0,"parent":0,"menu_order":0,"comment_status":"closed","ping_status":"closed","template":"","meta":{"footnotes":""},"class_list":["post-28","page","type-page","status-publish","hentry"],"jetpack_sharing_enabled":true,"_links":{"self":[{"href":"https:\/\/urbanrecordstore.de\/index.php?rest_route=\/wp\/v2\/pages\/28","targetHints":{"allow":["GET"]}}],"collection":[{"href":"https:\/\/urbanrecordstore.de\/index.php?rest_route=\/wp\/v2\/pages"}],"about":[{"href":"https:\/\/urbanrecordstore.de\/index.php?rest_route=\/wp\/v2\/types\/page"}],"author":[{"embeddable":true,"href":"https:\/\/urbanrecordstore.de\/index.php?rest_route=\/wp\/v2\/users\/1"}],"replies":[{"embeddable":true,"href":"https:\/\/urbanrecordstore.de\/index.php?rest_route=%2Fwp%2Fv2%2Fcomments&post=28"}],"version-history":[{"count":18,"href":"https:\/\/urbanrecordstore.de\/index.php?rest_route=\/wp\/v2\/pages\/28\/revisions"}],"predecessor-version":[{"id":214,"href":"https:\/\/urbanrecordstore.de\/index.php?rest_route=\/wp\/v2\/pages\/28\/revisions\/214"}],"wp:attachment":[{"href":"https:\/\/urbanrecordstore.de\/index.php?rest_route=%2Fwp%2Fv2%2Fmedia&parent=28"}],"curies":[{"name":"wp","href":"https:\/\/api.w.org\/{rel}","templated":true}]}}